{"id":31,"date":"2024-02-28T15:13:04","date_gmt":"2024-02-28T14:13:04","guid":{"rendered":"https:\/\/truallcloud.cl\/preview\/lena\/?page_id=31"},"modified":"2024-04-03T21:04:52","modified_gmt":"2024-04-03T19:04:52","slug":"areas-de-practica","status":"publish","type":"page","link":"https:\/\/truallcloud.cl\/preview\/lena\/areas-de-practica\/","title":{"rendered":"\u00c1reas de Pr\u00e1ctica"},"content":{"rendered":"<p>[et_pb_section fb_built=\u00bb1&#8243; disabled_on=\u00bboff|on|on\u00bb _builder_version=\u00bb4.24.2&#8243; _module_preset=\u00bbdefault\u00bb positioning=\u00bbfixed\u00bb position_origin_f=\u00bbbottom_center\u00bb z_index=\u00bb100000000&#8243; custom_margin=\u00bb0px||0px||false|false\u00bb custom_padding=\u00bb0px||0px||false|false\u00bb global_module=\u00bb217&#8243; saved_tabs=\u00bball\u00bb global_colors_info=\u00bb{}\u00bb][et_pb_row column_structure=\u00bb1_2,1_2&#8243; use_custom_gutter=\u00bbon\u00bb gutter_width=\u00bb1&#8243; make_equal=\u00bbon\u00bb module_class=\u00bbendos\u00bb _builder_version=\u00bb4.24.2&#8243; _module_preset=\u00bbdefault\u00bb width=\u00bb100%\u00bb width_last_edited=\u00bboff|desktop\u00bb max_width=\u00bb2560%\u00bb custom_margin=\u00bb0px||0px||false|false\u00bb custom_padding=\u00bb0px||0px||false|false\u00bb global_colors_info=\u00bb{}\u00bb][et_pb_column type=\u00bb1_2&#8243; _builder_version=\u00bb4.24.2&#8243; _module_preset=\u00bbdefault\u00bb global_colors_info=\u00bb{}\u00bb][et_pb_blurb url=\u00bbhttps:\/\/api.whatsapp.com\/send\/?phone=56997330125&#8243; url_new_window=\u00bbon\u00bb use_icon=\u00bbon\u00bb font_icon=\u00bb&#xf232;||fa||400&#8243; icon_color=\u00bb#FFFFFF\u00bb icon_placement=\u00bbleft\u00bb image_icon_width=\u00bb22px\u00bb content_max_width=\u00bb1100px\u00bb admin_label=\u00bbEscr\u00edbenos al WhatsApp\u00bb _builder_version=\u00bb4.24.2&#8243; _module_preset=\u00bbdefault\u00bb body_text_color=\u00bb#FFFFFF\u00bb background_color=\u00bb#14a816&#8243; width=\u00bb100%\u00bb width_last_edited=\u00bboff|desktop\u00bb max_width=\u00bb100%\u00bb custom_margin=\u00bb0px||0px||false|false\u00bb custom_padding=\u00bb15px|5px|30px|5px|false|false\u00bb link_option_url=\u00bbhttps:\/\/api.whatsapp.com\/send\/?phone=56997330125&#8243; link_option_url_new_window=\u00bbon\u00bb custom_css_blurb_image=\u00bbtext-align: right;||padding-top: 4px;\u00bb global_colors_info=\u00bb{}\u00bb]<\/p>\n<p>WhatsApp<\/p>\n<p>[\/et_pb_blurb][\/et_pb_column][et_pb_column type=\u00bb1_2&#8243; _builder_version=\u00bb4.24.2&#8243; _module_preset=\u00bbdefault\u00bb global_colors_info=\u00bb{}\u00bb][et_pb_blurb url=\u00bbtel:+56997330125&#8243; use_icon=\u00bbon\u00bb font_icon=\u00bb&#xe00b;||divi||400&#8243; icon_color=\u00bb#FFFFFF\u00bb icon_placement=\u00bbleft\u00bb image_icon_width=\u00bb22px\u00bb content_max_width=\u00bb1100px\u00bb content_max_width_last_edited=\u00bboff|phone\u00bb admin_label=\u00bbLl\u00e1manos al +56 997 330 125&#8243; _builder_version=\u00bb4.24.2&#8243; _module_preset=\u00bbdefault\u00bb header_text_color=\u00bb#FFFFFF\u00bb body_text_color=\u00bb#FFFFFF\u00bb background_color=\u00bb#ad9871&#8243; background_layout=\u00bbdark\u00bb width=\u00bb100%\u00bb width_last_edited=\u00bboff|phone\u00bb max_width=\u00bb100%\u00bb custom_margin=\u00bb0px||0px||false|false\u00bb custom_padding=\u00bb15px|5px|30px|5px|false|false\u00bb link_option_url=\u00bbtel:+56997330125&#8243; custom_css_main_element=\u00bbcolor:#ffffff !important;\u00bb custom_css_blurb_image=\u00bbtext-align: right;||padding-top: 4px;\u00bb custom_css_blurb_title=\u00bbcolor:#ffffff !important;\u00bb custom_css_blurb_content=\u00bbcolor:#ffffff !important;\u00bb global_colors_info=\u00bb{}\u00bb]<\/p>\n<p>+569 9733 0125<\/p>\n<p>[\/et_pb_blurb][\/et_pb_column][\/et_pb_row][\/et_pb_section][et_pb_section fb_built=\u00bb1&#8243; _builder_version=\u00bb4.24.2&#8243; _module_preset=\u00bbdefault\u00bb background_image=\u00bbhttps:\/\/truallcloud.cl\/preview\/lena\/wp-content\/uploads\/2024\/02\/page-title-background.jpg\u00bb parallax=\u00bbon\u00bb hover_enabled=\u00bb0&#8243; global_colors_info=\u00bb{}\u00bb custom_margin=\u00bb-14px||||false|false\u00bb sticky_enabled=\u00bb0&#8243;][et_pb_row _builder_version=\u00bb4.24.2&#8243; _module_preset=\u00bbdefault\u00bb global_colors_info=\u00bb{}\u00bb][et_pb_column type=\u00bb4_4&#8243; _builder_version=\u00bb4.24.2&#8243; _module_preset=\u00bbdefault\u00bb global_colors_info=\u00bb{}\u00bb][et_pb_blurb title=\u00bb\u00c1reas de Pr\u00e1ctica\u00bb admin_label=\u00bb\u00c1reas de Pr\u00e1ctica\u00bb _builder_version=\u00bb4.24.2&#8243; _module_preset=\u00bbdefault\u00bb header_font=\u00bb|700|||||||\u00bb header_font_size=\u00bb45px\u00bb body_font_size=\u00bb25px\u00bb text_orientation=\u00bbcenter\u00bb background_layout=\u00bbdark\u00bb global_colors_info=\u00bb{}\u00bb]<\/p>\n<p><em style=\"opacity: 0;\">&#8230;&#8230;&#8230;<\/em><\/p>\n<p>[\/et_pb_blurb][\/et_pb_column][\/et_pb_row][\/et_pb_section][et_pb_section fb_built=\u00bb1&#8243; module_id=\u00bbareas\u00bb _builder_version=\u00bb4.24.2&#8243; _module_preset=\u00bbdefault\u00bb background_enable_color=\u00bboff\u00bb background_enable_image=\u00bboff\u00bb custom_margin=\u00bb29px||0px||false|false\u00bb custom_padding=\u00bb5px||0px||false|false\u00bb global_colors_info=\u00bb{}\u00bb][et_pb_row column_structure=\u00bb1_2,1_2&#8243; _builder_version=\u00bb4.24.2&#8243; _module_preset=\u00bbdefault\u00bb custom_margin=\u00bb||0px||false|false\u00bb custom_padding=\u00bb||10px||false|false\u00bb global_colors_info=\u00bb{}\u00bb][et_pb_column type=\u00bb1_2&#8243; _builder_version=\u00bb4.24.2&#8243; _module_preset=\u00bbdefault\u00bb global_colors_info=\u00bb{}\u00bb][et_pb_blurb title=\u00bbDerecho Laboral\u00bb use_icon=\u00bbon\u00bb font_icon=\u00bb&#xf0e3;||fa||900&#8243; icon_placement=\u00bbleft\u00bb admin_label=\u00bbDerecho Laboral\u00bb _builder_version=\u00bb4.24.2&#8243; _module_preset=\u00bbdefault\u00bb header_level=\u00bbh3&#8243; header_font=\u00bbPoppins|||on|||||\u00bb header_text_align=\u00bbleft\u00bb header_font_size=\u00bb15px\u00bb header_letter_spacing=\u00bb3px\u00bb body_font=\u00bb||||||||\u00bb body_font_size=\u00bb15px\u00bb background_enable_color=\u00bboff\u00bb custom_margin=\u00bb0px||20px||false|false\u00bb custom_padding=\u00bb40px|30px|40px|30px|false|false\u00bb custom_padding_tablet=\u00bb40px|30px|40px|30px|false|false\u00bb custom_padding_phone=\u00bb0px|0px|0px|0px|false|false\u00bb custom_padding_last_edited=\u00bbon|phone\u00bb animation=\u00bboff\u00bb link_option_url=\u00bbhttps:\/\/truallcloud.cl\/preview\/lena\/areas-de-practica\/\u00bb custom_css_main_element=\u00bbheight: 432px;\u00bb border_width_all=\u00bb1px\u00bb border_color_all=\u00bb#d1d1d1&#8243; border_style_all=\u00bbdashed\u00bb border_width_all_tablet=\u00bb1px\u00bb border_width_all_phone=\u00bb0px\u00bb border_width_all_last_edited=\u00bbon|phone\u00bb global_colors_info=\u00bb{}\u00bb filter_saturate__hover_enabled=\u00bboff|desktop\u00bb filter_saturate__hover=\u00bb100%\u00bb filter_brightness__hover_enabled=\u00bboff|desktop\u00bb filter_brightness__hover=\u00bb110%\u00bb custom_css_main_element_last_edited=\u00bbon|phone\u00bb custom_css_main_element_phone=\u00bbheight: 400px;\u00bb custom_css_main_element_tablet=\u00bbheight: 432px;\u00bb]<\/p>\n<p>Equipo din\u00e1mico, creativo, joven pero con much\u00edsima experiencia, con resultados extraordinarios, sin importar la complejidad de la gesti\u00f3n encargada.<\/p>\n<p style=\"font-size: 13px; color: #b1976b;\"><em>Despidos injustificados, fuero laboral, accidentes laborales, autodespido, tutela laboral, enfermedades, profesionales, no pago de indemnizaciones, auditorias laborales a empresas, reglamento interno y mucho m\u00e1s.<\/em><\/p>\n<p>[\/et_pb_blurb][\/et_pb_column][et_pb_column type=\u00bb1_2&#8243; _builder_version=\u00bb4.24.2&#8243; _module_preset=\u00bbdefault\u00bb global_colors_info=\u00bb{}\u00bb][et_pb_blurb title=\u00bbDerecho Concursal\u00bb use_icon=\u00bbon\u00bb font_icon=\u00bb&#xf2b5;||fa||900&#8243; icon_placement=\u00bbleft\u00bb admin_label=\u00bbDerecho Concursal\u00bb _builder_version=\u00bb4.24.2&#8243; _module_preset=\u00bbdefault\u00bb header_level=\u00bbh3&#8243; header_font=\u00bbPoppins|||on|||||\u00bb header_text_align=\u00bbleft\u00bb header_font_size=\u00bb15px\u00bb header_letter_spacing=\u00bb3px\u00bb body_font=\u00bb||||||||\u00bb body_font_size=\u00bb15px\u00bb background_enable_color=\u00bboff\u00bb custom_margin=\u00bb0px||20px||false|false\u00bb custom_padding=\u00bb40px|30px|40px|30px|false|false\u00bb custom_padding_tablet=\u00bb40px|30px|40px|30px|false|false\u00bb custom_padding_phone=\u00bb0px|0px|0px|0px|false|false\u00bb custom_padding_last_edited=\u00bbon|phone\u00bb animation=\u00bboff\u00bb link_option_url=\u00bbhttps:\/\/truallcloud.cl\/preview\/lena\/areas-de-practica\/\u00bb custom_css_main_element=\u00bbheight: 432px;\u00bb border_width_all=\u00bb1px\u00bb border_color_all=\u00bb#d1d1d1&#8243; border_style_all=\u00bbdashed\u00bb border_width_all_tablet=\u00bb1px\u00bb border_width_all_phone=\u00bb0px\u00bb border_width_all_last_edited=\u00bbon|phone\u00bb global_colors_info=\u00bb{}\u00bb filter_saturate__hover_enabled=\u00bboff|desktop\u00bb filter_saturate__hover=\u00bb100%\u00bb filter_brightness__hover_enabled=\u00bboff|desktop\u00bb filter_brightness__hover=\u00bb110%\u00bb custom_css_main_element_last_edited=\u00bbon|phone\u00bb custom_css_main_element_phone=\u00bbheight: 510px;\u00bb custom_css_main_element_tablet=\u00bbheight: 432px;\u00bb]<\/p>\n<p>Con m\u00e1s de 120 abogados de planta y 60 colaboradores, consultores, contadores y administrativos. Esta \u00e1rea del ejercicio profesional, nos permite retribuir a la sociedad, defendiendo a deudores de ejecuciones y remates en sus bienes o sobre bienes de terceros.<\/p>\n<p style=\"font-size: 13px; color: #b1976b;\"><em>Liquidaci\u00f3n voluntaria de bienes de personas, reorganizaci\u00f3n judicial de activos, liquidaci\u00f3n forzosa de empresa deudora, reestructuraci\u00f3n patrimonial, defensa ejecutiva, auditor\u00edas patrimoniales, defensa incidental, renegociaci\u00f3n persona deudora y mucho m\u00e1s.<\/em><\/p>\n<p>[\/et_pb_blurb][\/et_pb_column][\/et_pb_row][et_pb_row column_structure=\u00bb1_2,1_2&#8243; _builder_version=\u00bb4.24.2&#8243; _module_preset=\u00bbdefault\u00bb global_colors_info=\u00bb{}\u00bb][et_pb_column type=\u00bb1_2&#8243; _builder_version=\u00bb4.24.2&#8243; _module_preset=\u00bbdefault\u00bb global_colors_info=\u00bb{}\u00bb][et_pb_blurb title=\u00bbDerecho Tributario\u00bb use_icon=\u00bbon\u00bb font_icon=\u00bb&#xf4c0;||fa||900&#8243; icon_placement=\u00bbleft\u00bb admin_label=\u00bbDerecho Tributario\u00bb _builder_version=\u00bb4.24.2&#8243; _module_preset=\u00bbdefault\u00bb header_level=\u00bbh3&#8243; header_font=\u00bbPoppins|||on|||||\u00bb header_text_align=\u00bbleft\u00bb header_font_size=\u00bb15px\u00bb header_letter_spacing=\u00bb3px\u00bb body_font=\u00bb||||||||\u00bb body_font_size=\u00bb15px\u00bb background_enable_color=\u00bboff\u00bb custom_margin=\u00bb0px||20px||false|false\u00bb custom_padding=\u00bb40px|30px|40px|30px|false|false\u00bb custom_padding_tablet=\u00bb40px|30px|40px|30px|false|false\u00bb custom_padding_phone=\u00bb0px|0px|0px|0px|false|false\u00bb custom_padding_last_edited=\u00bbon|phone\u00bb animation=\u00bboff\u00bb link_option_url=\u00bbhttps:\/\/truallcloud.cl\/preview\/lena\/areas-de-practica\/\u00bb custom_css_main_element=\u00bbheight: 432px;\u00bb custom_css_blurb_image=\u00bbmargin-bottom: 19px;\u00bb custom_css_blurb_title=\u00bbpadding-top:0px;\u00bb border_width_all=\u00bb1px\u00bb border_color_all=\u00bb#d1d1d1&#8243; border_style_all=\u00bbdashed\u00bb border_width_all_tablet=\u00bb1px\u00bb border_width_all_phone=\u00bb0px\u00bb border_width_all_last_edited=\u00bbon|phone\u00bb global_colors_info=\u00bb{}\u00bb filter_saturate__hover_enabled=\u00bboff|desktop\u00bb filter_saturate__hover=\u00bb100%\u00bb filter_brightness__hover_enabled=\u00bboff|desktop\u00bb filter_brightness__hover=\u00bb110%\u00bb custom_css_main_element_last_edited=\u00bbon|phone\u00bb custom_css_main_element_phone=\u00bbheight: 500px;\u00bb custom_css_main_element_tablet=\u00bbheight: 432px;\u00bb]Expedita y eficiente, logrando resultados a\u00fan en los escenarios m\u00e1s complejos. \u00c1rea legal liderada por el socio fundador del Estudio Jorge Manuel Lena Salgado (Mag\u00edster en derecho tributario). Cuenta adem\u00e1s con el apoyo de un equipo de contadores auditores expertos, para resolver in situ, cualquier problema que experimente tu empresa.<\/p>\n<p style=\"font-size: 13px; color: #b1976b;\"><em>Planificaci\u00f3n tributaria local y extranjera, fiscalizaci\u00f3n y procedimientos tributarios, aduanas y comercio internacional, doble tributaci\u00f3n y mucho m\u00e1s.<\/em><\/p>\n<p>[\/et_pb_blurb][\/et_pb_column][et_pb_column type=\u00bb1_2&#8243; _builder_version=\u00bb4.24.2&#8243; _module_preset=\u00bbdefault\u00bb global_colors_info=\u00bb{}\u00bb][et_pb_blurb title=\u00bbPropiedad Intelectual\u00bb use_icon=\u00bbon\u00bb font_icon=\u00bb&#xe08a;||divi||400&#8243; icon_placement=\u00bbleft\u00bb admin_label=\u00bbPropiedad Intelectual\u00bb _builder_version=\u00bb4.24.2&#8243; _module_preset=\u00bbdefault\u00bb header_level=\u00bbh3&#8243; header_font=\u00bbPoppins|||on|||||\u00bb header_text_align=\u00bbleft\u00bb header_font_size=\u00bb15px\u00bb header_letter_spacing=\u00bb3px\u00bb body_font=\u00bb||||||||\u00bb body_font_size=\u00bb15px\u00bb background_enable_color=\u00bboff\u00bb custom_margin=\u00bb0px||20px||false|false\u00bb custom_padding=\u00bb40px|30px|40px|30px|false|false\u00bb custom_padding_tablet=\u00bb40px|30px|40px|30px|false|false\u00bb custom_padding_phone=\u00bb0px|0px|0px|0px|false|false\u00bb custom_padding_last_edited=\u00bbon|phone\u00bb animation=\u00bboff\u00bb link_option_url=\u00bbhttps:\/\/truallcloud.cl\/preview\/lena\/areas-de-practica\/\u00bb custom_css_main_element=\u00bbheight: 432px;\u00bb border_width_all=\u00bb1px\u00bb border_color_all=\u00bb#d1d1d1&#8243; border_style_all=\u00bbdashed\u00bb border_width_all_tablet=\u00bb1px\u00bb border_width_all_phone=\u00bb0px\u00bb border_width_all_last_edited=\u00bbon|phone\u00bb global_colors_info=\u00bb{}\u00bb filter_saturate__hover_enabled=\u00bboff|desktop\u00bb filter_saturate__hover=\u00bb100%\u00bb filter_brightness__hover_enabled=\u00bboff|desktop\u00bb filter_brightness__hover=\u00bb110%\u00bb custom_css_main_element_last_edited=\u00bbon|phone\u00bb custom_css_main_element_phone=\u00bbheight: 550px;\u00bb custom_css_main_element_tablet=\u00bbheight: 432px;\u00bb]Contamos con un equipo integral que actua ex-ante, generando un valor agregado a nuestros clientes, convirti\u00e9ndonos en el socio ideal de emprendedores y empresas en crecimiento. Nuestro departamento de Propiedad Intelectual (PI) est\u00e1 dotado de profesionales con vasta trayectoria en resoluci\u00f3n de procedimientos complejos. Ofrecemos una asesor\u00eda tradicional pero adaptada a los tiempos modernos.<\/p>\n<p style=\"font-size: 13px; color: #b1976b;\"><em>Tramitaci\u00f3n control, defensa de derechos de propiedad intelectual, marcas, dise\u00f1os industriales, patentes, nombres de dominios (NIC), derechos de autor  y mucho m\u00e1s.<\/em><\/p>\n<p>[\/et_pb_blurb][\/et_pb_column][\/et_pb_row][\/et_pb_section]<\/p>\n","protected":false},"excerpt":{"rendered":"<p>WhatsApp+569 9733 0125&#8230;&#8230;&#8230;Equipo din\u00e1mico, creativo, joven pero con much\u00edsima experiencia, con resultados extraordinarios, sin importar la complejidad de la gesti\u00f3n encargada. Despidos injustificados, fuero laboral, accidentes laborales, autodespido, tutela laboral, enfermedades, profesionales, no pago de indemnizaciones, auditorias laborales a empresas, reglamento interno y mucho m\u00e1s.Con m\u00e1s de 120 abogados de planta y 60 colaboradores, consultores, [&hellip;]<\/p>\n","protected":false},"author":1,"featured_media":0,"parent":0,"menu_order":0,"comment_status":"closed","ping_status":"closed","template":"","meta":{"_et_pb_use_builder":"on","_et_pb_old_content":"","_et_gb_content_width":"","footnotes":""},"class_list":["post-31","page","type-page","status-publish","hentry"],"_links":{"self":[{"href":"https:\/\/truallcloud.cl\/preview\/lena\/wp-json\/wp\/v2\/pages\/31","targetHints":{"allow":["GET"]}}],"collection":[{"href":"https:\/\/truallcloud.cl\/preview\/lena\/wp-json\/wp\/v2\/pages"}],"about":[{"href":"https:\/\/truallcloud.cl\/preview\/lena\/wp-json\/wp\/v2\/types\/page"}],"author":[{"embeddable":true,"href":"https:\/\/truallcloud.cl\/preview\/lena\/wp-json\/wp\/v2\/users\/1"}],"replies":[{"embeddable":true,"href":"https:\/\/truallcloud.cl\/preview\/lena\/wp-json\/wp\/v2\/comments?post=31"}],"version-history":[{"count":34,"href":"https:\/\/truallcloud.cl\/preview\/lena\/wp-json\/wp\/v2\/pages\/31\/revisions"}],"predecessor-version":[{"id":639,"href":"https:\/\/truallcloud.cl\/preview\/lena\/wp-json\/wp\/v2\/pages\/31\/revisions\/639"}],"wp:attachment":[{"href":"https:\/\/truallcloud.cl\/preview\/lena\/wp-json\/wp\/v2\/media?parent=31"}],"curies":[{"name":"wp","href":"https:\/\/api.w.org\/{rel}","templated":true}]}}