{"id":8,"date":"2024-02-27T21:51:03","date_gmt":"2024-02-27T20:51:03","guid":{"rendered":"https:\/\/truallcloud.cl\/preview\/lena\/?page_id=8"},"modified":"2024-04-03T21:48:36","modified_gmt":"2024-04-03T19:48:36","slug":"la-firma","status":"publish","type":"page","link":"https:\/\/truallcloud.cl\/preview\/lena\/la-firma\/","title":{"rendered":"La Firma"},"content":{"rendered":"<p>[et_pb_section fb_built=\u00bb1&#8243; disabled_on=\u00bboff|on|on\u00bb _builder_version=\u00bb4.24.2&#8243; _module_preset=\u00bbdefault\u00bb positioning=\u00bbfixed\u00bb position_origin_f=\u00bbbottom_center\u00bb z_index=\u00bb100000000&#8243; custom_margin=\u00bb0px||0px||false|false\u00bb custom_padding=\u00bb0px||0px||false|false\u00bb global_module=\u00bb217&#8243; saved_tabs=\u00bball\u00bb global_colors_info=\u00bb{}\u00bb][et_pb_row column_structure=\u00bb1_2,1_2&#8243; use_custom_gutter=\u00bbon\u00bb gutter_width=\u00bb1&#8243; make_equal=\u00bbon\u00bb module_class=\u00bbendos\u00bb _builder_version=\u00bb4.24.2&#8243; _module_preset=\u00bbdefault\u00bb width=\u00bb100%\u00bb width_last_edited=\u00bboff|desktop\u00bb max_width=\u00bb2560%\u00bb custom_margin=\u00bb0px||0px||false|false\u00bb custom_padding=\u00bb0px||0px||false|false\u00bb global_colors_info=\u00bb{}\u00bb][et_pb_column type=\u00bb1_2&#8243; _builder_version=\u00bb4.24.2&#8243; _module_preset=\u00bbdefault\u00bb global_colors_info=\u00bb{}\u00bb][et_pb_blurb url=\u00bbhttps:\/\/api.whatsapp.com\/send\/?phone=56997330125&#8243; url_new_window=\u00bbon\u00bb use_icon=\u00bbon\u00bb font_icon=\u00bb&#xf232;||fa||400&#8243; icon_color=\u00bb#FFFFFF\u00bb icon_placement=\u00bbleft\u00bb image_icon_width=\u00bb22px\u00bb content_max_width=\u00bb1100px\u00bb admin_label=\u00bbEscr\u00edbenos al WhatsApp\u00bb _builder_version=\u00bb4.24.2&#8243; _module_preset=\u00bbdefault\u00bb body_text_color=\u00bb#FFFFFF\u00bb background_color=\u00bb#14a816&#8243; width=\u00bb100%\u00bb width_last_edited=\u00bboff|desktop\u00bb max_width=\u00bb100%\u00bb custom_margin=\u00bb0px||0px||false|false\u00bb custom_padding=\u00bb15px|5px|30px|5px|false|false\u00bb link_option_url=\u00bbhttps:\/\/api.whatsapp.com\/send\/?phone=56997330125&#8243; link_option_url_new_window=\u00bbon\u00bb custom_css_blurb_image=\u00bbtext-align: right;||padding-top: 4px;\u00bb global_colors_info=\u00bb{}\u00bb]<\/p>\n<p>WhatsApp<\/p>\n<p>[\/et_pb_blurb][\/et_pb_column][et_pb_column type=\u00bb1_2&#8243; _builder_version=\u00bb4.24.2&#8243; _module_preset=\u00bbdefault\u00bb global_colors_info=\u00bb{}\u00bb][et_pb_blurb url=\u00bbtel:+56997330125&#8243; use_icon=\u00bbon\u00bb font_icon=\u00bb&#xe00b;||divi||400&#8243; icon_color=\u00bb#FFFFFF\u00bb icon_placement=\u00bbleft\u00bb image_icon_width=\u00bb22px\u00bb content_max_width=\u00bb1100px\u00bb content_max_width_last_edited=\u00bboff|phone\u00bb admin_label=\u00bbLl\u00e1manos al +56 997 330 125&#8243; _builder_version=\u00bb4.24.2&#8243; _module_preset=\u00bbdefault\u00bb header_text_color=\u00bb#FFFFFF\u00bb body_text_color=\u00bb#FFFFFF\u00bb background_color=\u00bb#ad9871&#8243; background_layout=\u00bbdark\u00bb width=\u00bb100%\u00bb width_last_edited=\u00bboff|phone\u00bb max_width=\u00bb100%\u00bb custom_margin=\u00bb0px||0px||false|false\u00bb custom_padding=\u00bb15px|5px|30px|5px|false|false\u00bb link_option_url=\u00bbtel:+56997330125&#8243; custom_css_main_element=\u00bbcolor:#ffffff !important;\u00bb custom_css_blurb_image=\u00bbtext-align: right;||padding-top: 4px;\u00bb custom_css_blurb_title=\u00bbcolor:#ffffff !important;\u00bb custom_css_blurb_content=\u00bbcolor:#ffffff !important;\u00bb global_colors_info=\u00bb{}\u00bb]<\/p>\n<p>+569 9733 0125<\/p>\n<p>[\/et_pb_blurb][\/et_pb_column][\/et_pb_row][\/et_pb_section][et_pb_section fb_built=\u00bb1&#8243; _builder_version=\u00bb4.24.2&#8243; _module_preset=\u00bbdefault\u00bb background_image=\u00bbhttps:\/\/truallcloud.cl\/preview\/lena\/wp-content\/uploads\/2024\/02\/page-title-background.jpg\u00bb parallax=\u00bbon\u00bb custom_margin=\u00bb-14px||||false|false\u00bb global_colors_info=\u00bb{}\u00bb][et_pb_row _builder_version=\u00bb4.24.2&#8243; _module_preset=\u00bbdefault\u00bb global_colors_info=\u00bb{}\u00bb][et_pb_column type=\u00bb4_4&#8243; _builder_version=\u00bb4.24.2&#8243; _module_preset=\u00bbdefault\u00bb global_colors_info=\u00bb{}\u00bb][et_pb_blurb title=\u00bbLa Firma\u00bb admin_label=\u00bbSomos\u00bb _builder_version=\u00bb4.24.2&#8243; _module_preset=\u00bbdefault\u00bb header_font=\u00bb|700|||||||\u00bb header_font_size=\u00bb45px\u00bb body_font_size=\u00bb25px\u00bb text_orientation=\u00bbcenter\u00bb background_layout=\u00bbdark\u00bb hover_enabled=\u00bb0&#8243; global_colors_info=\u00bb{}\u00bb sticky_enabled=\u00bb0&#8243;][\/et_pb_blurb][\/et_pb_column][\/et_pb_row][\/et_pb_section][et_pb_section fb_built=\u00bb1&#8243; _builder_version=\u00bb4.24.2&#8243; _module_preset=\u00bbdefault\u00bb background_enable_color=\u00bboff\u00bb custom_margin=\u00bb0px||0px||false|false\u00bb custom_padding=\u00bb0px||0px||false|false\u00bb global_colors_info=\u00bb{}\u00bb][et_pb_row _builder_version=\u00bb4.24.2&#8243; _module_preset=\u00bbdefault\u00bb background_enable_color=\u00bboff\u00bb width_phone=\u00bb100%\u00bb width_last_edited=\u00bboff|desktop\u00bb max_width=\u00bb736px\u00bb max_width_tablet=\u00bb\u00bb max_width_phone=\u00bb100%\u00bb max_width_last_edited=\u00bbon|phone\u00bb custom_margin=\u00bb0px||0px||false|false\u00bb custom_padding=\u00bb70px||70px||false|false\u00bb global_colors_info=\u00bb{}\u00bb][et_pb_column type=\u00bb4_4&#8243; _builder_version=\u00bb4.24.2&#8243; _module_preset=\u00bbdefault\u00bb background_enable_image=\u00bboff\u00bb global_colors_info=\u00bb{}\u00bb][et_pb_blurb title=\u00bbSOBRE LENA &#038; CIA.\u00bb use_icon=\u00bbon\u00bb font_icon=\u00bb&#xf439;||fa||900&#8243; image_icon_width=\u00bb54px\u00bb admin_label=\u00bb SOBRE LENA &#038; CIA\u00bb _builder_version=\u00bb4.24.2&#8243; _module_preset=\u00bbdefault\u00bb header_font=\u00bbPoppins||||||||\u00bb header_text_color=\u00bb#ad9871&#8243; header_font_size=\u00bb16px\u00bb body_font=\u00bbPoppins|600|||||||\u00bb body_font_size=\u00bb30px\u00bb text_orientation=\u00bbcenter\u00bb custom_padding=\u00bb||||false|false\u00bb hover_enabled=\u00bb0&#8243; global_colors_info=\u00bb{}\u00bb sticky_enabled=\u00bb0&#8243;]<\/p>\n<p>Nosotros<\/p>\n<p>[\/et_pb_blurb][et_pb_text admin_label=\u00bbSomos un estudio jur\u00eddico con m\u00e1s de 10 a\u00f1os de experiencia en diversas \u00e1reas vinculadas al desarrollo corporativo de grandes, medianas y peque\u00f1as empresas.\u00bb _builder_version=\u00bb4.24.2&#8243; _module_preset=\u00bbdefault\u00bb text_orientation=\u00bbcenter\u00bb global_colors_info=\u00bb{}\u00bb]<\/p>\n<p>Somos un estudio jur\u00eddico con m\u00e1s de 10 a\u00f1os de experiencia en diversas \u00e1reas vinculadas al desarrollo corporativo de grandes, medianas y peque\u00f1as empresas.<\/p>\n<p>[\/et_pb_text][\/et_pb_column][\/et_pb_row][\/et_pb_section][et_pb_section fb_built=\u00bb1&#8243; _builder_version=\u00bb4.24.2&#8243; _module_preset=\u00bbdefault\u00bb background_color=\u00bb#f4f4f4&#8243; custom_margin=\u00bb0px||0px||false|false\u00bb custom_padding=\u00bb0px||0px||false|false\u00bb global_colors_info=\u00bb{}\u00bb][et_pb_row column_structure=\u00bb1_2,1_2&#8243; use_custom_gutter=\u00bbon\u00bb gutter_width=\u00bb2&#8243; make_equal=\u00bbon\u00bb _builder_version=\u00bb4.24.2&#8243; _module_preset=\u00bbdefault\u00bb background_enable_color=\u00bboff\u00bb width_phone=\u00bb100%\u00bb width_last_edited=\u00bboff|desktop\u00bb max_width_phone=\u00bb100%\u00bb max_width_last_edited=\u00bboff|desktop\u00bb custom_margin=\u00bb0px||0px||false|false\u00bb custom_padding=\u00bb70px||70px||false|false\u00bb global_colors_info=\u00bb{}\u00bb][et_pb_column type=\u00bb1_2&#8243; _builder_version=\u00bb4.24.2&#8243; _module_preset=\u00bbdefault\u00bb custom_padding_tablet=\u00bb150px|50px|150px|50px|false|false\u00bb custom_padding_phone=\u00bb30px||70px||false|false\u00bb custom_padding_last_edited=\u00bboff|desktop\u00bb global_colors_info=\u00bb{}\u00bb][et_pb_blurb admin_label=\u00bbAlto Nivel\u00bb _builder_version=\u00bb4.24.2&#8243; _module_preset=\u00bbdefault\u00bb header_font=\u00bb||||||||\u00bb header_text_color=\u00bb#ad9871&#8243; header_font_size=\u00bb16px\u00bb body_font=\u00bbPoppins|600|||||||\u00bb body_font_size=\u00bb30px\u00bb custom_margin=\u00bb||5px||false|false\u00bb custom_padding=\u00bb||||false|false\u00bb global_colors_info=\u00bb{}\u00bb]<\/p>\n<p>Alto Nivel<\/p>\n<p>[\/et_pb_blurb][et_pb_divider color=\u00bb#ad9871&#8243; divider_weight=\u00bb4px\u00bb _builder_version=\u00bb4.24.2&#8243; _module_preset=\u00bbdefault\u00bb width=\u00bb11%\u00bb max_width=\u00bb11%\u00bb module_alignment=\u00bbleft\u00bb custom_margin=\u00bb||0px||false|false\u00bb global_colors_info=\u00bb{}\u00bb][\/et_pb_divider][et_pb_text admin_label=\u00bbContamos con un alto nivel de especialidad, poniendo particular \u00e9nfasis en la diversidad, igualdad de g\u00e9nero, excelencia humana y profesional de todos nuestros colaboradores. Abogados especialistas en diversas \u00e1reas del derecho laboral, concursal, tributario, comercial\/ corporativo, propiedad intelectual, civil contencioso, lo que nos transforma en el socio ideal para la consecuci\u00f3n de objetivos sin importar la complejidad.\u00bb _builder_version=\u00bb4.24.2&#8243; _module_preset=\u00bbdefault\u00bb custom_padding=\u00bb||30px||false|false\u00bb global_colors_info=\u00bb{}\u00bb]<\/p>\n<p>Contamos con un alto nivel de especialidad, poniendo particular \u00e9nfasis en la diversidad, igualdad de g\u00e9nero, excelencia humana y profesional de todos nuestros colaboradores. Abogados especialistas en diversas \u00e1reas del derecho laboral, concursal, tributario, comercial\/ corporativo, propiedad intelectual, civil contencioso, lo que nos transforma en el socio ideal para la consecuci\u00f3n de objetivos sin importar la complejidad.<\/p>\n<p>[\/et_pb_text][\/et_pb_column][et_pb_column type=\u00bb1_2&#8243; _builder_version=\u00bb4.24.2&#8243; _module_preset=\u00bbdefault\u00bb background_enable_image=\u00bboff\u00bb global_colors_info=\u00bb{}\u00bb][et_pb_counters _builder_version=\u00bb4.24.2&#8243; _module_preset=\u00bbdefault\u00bb animation_style=\u00bbslide\u00bb animation_direction=\u00bbright\u00bb hover_transition_duration=\u00bb1450ms\u00bb hover_transition_delay=\u00bb50ms\u00bb global_colors_info=\u00bb{}\u00bb][et_pb_counter percent=\u00bb100&#8243; bar_background_color=\u00bb#ad9871&#8243; _builder_version=\u00bb4.24.2&#8243; _module_preset=\u00bbdefault\u00bb title_font=\u00bb|600|||||||\u00bb title_font_size=\u00bb16px\u00bb percent_text_color=\u00bb#FFFFFF\u00bb global_colors_info=\u00bb{}\u00bb bar_background_color_default=\u00bb#b1976b\u00bb use_percentages=\u00bbon\u00bb]Diversidad de Disciplina[\/et_pb_counter][et_pb_counter percent=\u00bb100&#8243; bar_background_color=\u00bb#ad9871&#8243; _builder_version=\u00bb4.24.2&#8243; _module_preset=\u00bbdefault\u00bb title_font=\u00bb|600|||||||\u00bb title_font_size=\u00bb16px\u00bb percent_text_color=\u00bb#FFFFFF\u00bb global_colors_info=\u00bb{}\u00bb bar_background_color_default=\u00bb#b1976b\u00bb use_percentages=\u00bbon\u00bb]Nivel de Especialidad[\/et_pb_counter][et_pb_counter percent=\u00bb100&#8243; bar_background_color=\u00bb#ad9871&#8243; _builder_version=\u00bb4.24.2&#8243; _module_preset=\u00bbdefault\u00bb title_font=\u00bb|600|||||||\u00bb title_font_size=\u00bb16px\u00bb percent_text_color=\u00bb#FFFFFF\u00bb hover_transition_duration=\u00bb1750ms\u00bb hover_transition_delay=\u00bb250ms\u00bb global_colors_info=\u00bb{}\u00bb bar_background_color_default=\u00bb#b1976b\u00bb use_percentages=\u00bbon\u00bb]\u00c9xito ante nivel de complejidad[\/et_pb_counter][\/et_pb_counters][\/et_pb_column][\/et_pb_row][\/et_pb_section][et_pb_section fb_built=\u00bb1&#8243; _builder_version=\u00bb4.24.2&#8243; _module_preset=\u00bbdefault\u00bb global_colors_info=\u00bb{}\u00bb][et_pb_row column_structure=\u00bb2_5,3_5&#8243; use_custom_gutter=\u00bbon\u00bb gutter_width=\u00bb2&#8243; _builder_version=\u00bb4.24.2&#8243; _module_preset=\u00bbdefault\u00bb global_colors_info=\u00bb{}\u00bb][et_pb_column type=\u00bb2_5&#8243; _builder_version=\u00bb4.24.2&#8243; _module_preset=\u00bbdefault\u00bb global_colors_info=\u00bb{}\u00bb][et_pb_text admin_label=\u00bbUn Equipo Interdisciplinario\u00bb _builder_version=\u00bb4.24.2&#8243; _module_preset=\u00bbdefault\u00bb custom_margin=\u00bb||0px||false|false\u00bb custom_padding=\u00bb||0px||false|false\u00bb global_colors_info=\u00bb{}\u00bb]<\/p>\n<h1><strong>Un Equipo Interdisciplinario<\/strong><\/h1>\n<p>[\/et_pb_text][et_pb_divider color=\u00bb#ad9871&#8243; divider_weight=\u00bb4px\u00bb _builder_version=\u00bb4.24.2&#8243; _module_preset=\u00bbdefault\u00bb width=\u00bb11%\u00bb max_width=\u00bb11%\u00bb module_alignment=\u00bbleft\u00bb global_colors_info=\u00bb{}\u00bb][\/et_pb_divider][\/et_pb_column][et_pb_column type=\u00bb3_5&#8243; _builder_version=\u00bb4.24.2&#8243; _module_preset=\u00bbdefault\u00bb global_colors_info=\u00bb{}\u00bb][et_pb_text admin_label=\u00bbNo solo contamos con abogados de alt\u00edsimo nivel, sino que tambi\u00e9n tenemos un equipo interdisciplinario, compuesto por contadores auditores, ingenieros comerciales y analistas. Todo pensado para lograr el \u00e9xito de tu proyecto.\u00bb _builder_version=\u00bb4.24.2&#8243; _module_preset=\u00bbdefault\u00bb global_colors_info=\u00bb{}\u00bb]<\/p>\n<p>No solo contamos con abogados de alt\u00edsimo nivel, sino que tambi\u00e9n tenemos un equipo interdisciplinario, compuesto por contadores auditores, ingenieros comerciales y analistas. Todo pensado para lograr el \u00e9xito de tu proyecto.<\/p>\n<p>[\/et_pb_text][\/et_pb_column][\/et_pb_row][\/et_pb_section]<\/p>\n","protected":false},"excerpt":{"rendered":"<p>WhatsApp+569 9733 0125NosotrosSomos un estudio jur\u00eddico con m\u00e1s de 10 a\u00f1os de experiencia en diversas \u00e1reas vinculadas al desarrollo corporativo de grandes, medianas y peque\u00f1as empresas.Alto NivelContamos con un alto nivel de especialidad, poniendo particular \u00e9nfasis en la diversidad, igualdad de g\u00e9nero, excelencia humana y profesional de todos nuestros colaboradores. Abogados especialistas en diversas \u00e1reas [&hellip;]<\/p>\n","protected":false},"author":1,"featured_media":0,"parent":0,"menu_order":0,"comment_status":"closed","ping_status":"closed","template":"","meta":{"_et_pb_use_builder":"on","_et_pb_old_content":"","_et_gb_content_width":"","footnotes":""},"class_list":["post-8","page","type-page","status-publish","hentry"],"_links":{"self":[{"href":"https:\/\/truallcloud.cl\/preview\/lena\/wp-json\/wp\/v2\/pages\/8","targetHints":{"allow":["GET"]}}],"collection":[{"href":"https:\/\/truallcloud.cl\/preview\/lena\/wp-json\/wp\/v2\/pages"}],"about":[{"href":"https:\/\/truallcloud.cl\/preview\/lena\/wp-json\/wp\/v2\/types\/page"}],"author":[{"embeddable":true,"href":"https:\/\/truallcloud.cl\/preview\/lena\/wp-json\/wp\/v2\/users\/1"}],"replies":[{"embeddable":true,"href":"https:\/\/truallcloud.cl\/preview\/lena\/wp-json\/wp\/v2\/comments?post=8"}],"version-history":[{"count":30,"href":"https:\/\/truallcloud.cl\/preview\/lena\/wp-json\/wp\/v2\/pages\/8\/revisions"}],"predecessor-version":[{"id":652,"href":"https:\/\/truallcloud.cl\/preview\/lena\/wp-json\/wp\/v2\/pages\/8\/revisions\/652"}],"wp:attachment":[{"href":"https:\/\/truallcloud.cl\/preview\/lena\/wp-json\/wp\/v2\/media?parent=8"}],"curies":[{"name":"wp","href":"https:\/\/api.w.org\/{rel}","templated":true}]}}